{"id":271,"date":"2019-03-13T10:41:40","date_gmt":"2019-03-13T10:41:40","guid":{"rendered":"https:\/\/hotelarlecchino.it\/hotel\/?page_id=271"},"modified":"2019-03-13T11:12:50","modified_gmt":"2019-03-13T11:12:50","slug":"san-benedetto-del-tronto-bandiera-blu","status":"publish","type":"page","link":"https:\/\/hotelarlecchino.it\/hotel\/san-benedetto-del-tronto-bandiera-blu\/","title":{"rendered":"BANDIERA BLU"},"content":{"rendered":"<p>La Bandiera Blu \u00e8 un riconoscimento internazionale, istituito nel 1987 Anno europeo dell\u2019Ambiente, che viene assegnato ogni anno in 49 paesi, inizialmente solo europei, pi\u00f9 recentemente anche extra-europei, con il supporto e la partecipazione delle due agenzie dell&#8217;ONU: UNEP (Programma delle Nazioni Unite per l\u2019ambiente) e UNWTO (Organizzazione Mondiale del Turismo) con cui la FEE ha sottoscritto un Protocollo di partnership globale e riconosciuta dall\u2019UNESCO come leader mondiale per l\u2019educazione ambientale e l\u2019educazione allo sviluppo sostenibile.<\/p>\n<p>Bandiera Blu \u00e8 un eco-label volontario assegnato alle localit\u00e0 turistiche balneari che rispettano criteri relativi alla gestione sostenibile del territorio.<\/p>\n<p>Obiettivo principale di questo programma \u00e8 quello di indirizzare la politica di gestione locale di numerose localit\u00e0 rivierasche, verso un processo di sostenibilit\u00e0 ambientale.<\/p>\n<h3>San Benedetto del Tronto<\/h3>\n<p>Tranne che per un anno, la \u201cBandiera blu\u201d sventola sulla citt\u00e0 di San Benedetto del Tronto ininterrottamente dal 1999.<br \/>\nE\u2019 da allora infatti che la citt\u00e0 ottiene l\u2019ambito riconoscimento dalla FEE, Foundation for Environmental Education (Fondazione per l&#8217;Educazione Ambientale)<br \/>\nDal 2007, poi, San Benedetto conquista anche la \u201cBandiera blu\u201d per l&#8217;approdo turistico.<\/p>\n<p>Ricordiamo che la \u201cBandiera Blu\u201d viene concessa sulla base di severi criteri di valutazione che tengono conto, tra le altre cose, di adeguata informazione e opera di educazione ambientale, di qualit\u00e0 delle acque di balneazione, efficienza della depurazione delle acque reflue e della rete fognaria, raccolta differenziata, corretta gestione dei rifiuti pericolosi, spiagge con tutti i servizi e personale addetto al salvamento, abbattimento delle barriere architettoniche, valorizzazione delle aree naturalistiche. Sono 33 i punti che la FEE giudica irrinunciabili per potersi candidare alla \u201cBandiera blu\u201d, tutti da documentare e soggetti a verifiche ed ispezioni anche a sorpresa, cos\u00ec come articolati sono gli obblighi che i Comuni devono rispettare dopo l\u2019ottenimento dell\u2019ambito vessillo: dall\u2019istituzione di uno o pi\u00f9 \u201cPunti blu\u201d (cio\u00e8 punti informativi) all\u2019installazione di pannelli informativi sul lungomare e bacheche in ciascuno stabilimento che informino, tra le altre cose, sui risultati dei campionamenti delle acque e sulle regole di spiaggia (compresi gli orari del servizio di salvataggio), fino alla raccolta differenziata dei rifiuti sulle spiagge.<\/p>\n<div class=\"su-spacer\" style=\"height:30px\"><\/div><a href=\"https:\/\/hotelarlecchino.it\/hotel\/soggiorno-al-mare-e-business-a-san-benedetto-del-tronto\/\">Chiedi un preventivo ora, senza impegno. Compila il modulo<\/a><\/p>\n<div class=\"su-divider su-divider-style-default\" style=\"margin:15px 0;border-width:3px;border-color:#999999\"><a href=\"#\" style=\"color:#999999\">Go to top<\/a><\/div>\n<div id=\"TA_certificateOfExcellence77\" class=\"TA_certificateOfExcellence\">\n<ul id=\"C0HiAMz\" class=\"TA_links IluFVvOJ9B\">\n<li id=\"6joXdxXl\" class=\"An3trYXus\"><a href=\"https:\/\/www.tripadvisor.it\/Hotel_Review-g194895-d1903300-Reviews-Hotel_Arlecchino-San_Benedetto_Del_Tronto_Province_of_Ascoli_Piceno_Marche.html\" target=\"_blank\" rel=\"noopener noreferrer\"><img decoding=\"async\" id=\"CDSWIDCOELOGO\" class=\"widCOEImg\" src=\"https:\/\/www.tripadvisor.it\/img\/cdsi\/img2\/awards\/CoE2017_WidgetAsset-14348-2.png\" alt=\"TripAdvisor\" \/><\/a><\/li>\n<\/ul>\n<\/div>\n<p><script async src=\"https:\/\/www.jscache.com\/wejs?wtype=certificateOfExcellence&amp;uniq=77&amp;locationId=1903300&amp;lang=it&amp;year=2017&amp;display_version=2\" data-loadtrk onload=\"this.loadtrk=true\"><\/script><\/p>\n","protected":false},"excerpt":{"rendered":"<p>La Bandiera Blu \u00e8 un riconoscimento internazionale, istituito nel 1987 Anno europeo dell\u2019Ambiente, che viene assegnato ogni anno in 49 paesi, inizialmente solo europei, pi\u00f9 recentemente anche extra-europei, con il supporto e la partecipazione delle due agenzie dell&#8217;ONU: UNEP (Programma delle Nazioni Unite per l\u2019ambiente) e UNWTO (Organizzazione Mondiale del Turismo) con cui la FEE ha sottoscritto un Protocollo di partnership globale e riconosciuta dall\u2019UNESCO come leader mondiale per l\u2019educazione ambientale e l\u2019educazione allo sviluppo sostenibile. Bandiera Blu \u00e8 un eco-label volontario assegnato alle localit\u00e0 turistiche balneari che rispettano criteri relativi alla gestione sostenibile del territorio. Obiettivo principale di questo programma \u00e8 quello di indirizzare la politica di gestione locale di numerose localit\u00e0 rivierasche, verso un processo di sostenibilit\u00e0 ambientale&#8230;. <\/p>\n","protected":false},"author":1,"featured_media":79,"parent":0,"menu_order":0,"comment_status":"closed","ping_status":"closed","template":"","meta":[],"_links":{"self":[{"href":"https:\/\/hotelarlecchino.it\/hotel\/wp-json\/wp\/v2\/pages\/271"}],"collection":[{"href":"https:\/\/hotelarlecchino.it\/hotel\/wp-json\/wp\/v2\/pages"}],"about":[{"href":"https:\/\/hotelarlecchino.it\/hotel\/wp-json\/wp\/v2\/types\/page"}],"author":[{"embeddable":true,"href":"https:\/\/hotelarlecchino.it\/hotel\/wp-json\/wp\/v2\/users\/1"}],"replies":[{"embeddable":true,"href":"https:\/\/hotelarlecchino.it\/hotel\/wp-json\/wp\/v2\/comments?post=271"}],"version-history":[{"count":2,"href":"https:\/\/hotelarlecchino.it\/hotel\/wp-json\/wp\/v2\/pages\/271\/revisions"}],"predecessor-version":[{"id":290,"href":"https:\/\/hotelarlecchino.it\/hotel\/wp-json\/wp\/v2\/pages\/271\/revisions\/290"}],"wp:featuredmedia":[{"embeddable":true,"href":"https:\/\/hotelarlecchino.it\/hotel\/wp-json\/wp\/v2\/media\/79"}],"wp:attachment":[{"href":"https:\/\/hotelarlecchino.it\/hotel\/wp-json\/wp\/v2\/media?parent=271"}],"curies":[{"name":"wp","href":"https:\/\/api.w.org\/{rel}","templated":true}]}}