{"id":280,"date":"2019-03-13T11:08:21","date_gmt":"2019-03-13T11:08:21","guid":{"rendered":"https:\/\/hotelarlecchino.it\/hotel\/?page_id=280"},"modified":"2019-03-18T09:43:55","modified_gmt":"2019-03-18T09:43:55","slug":"bandiera-arancione","status":"publish","type":"page","link":"https:\/\/hotelarlecchino.it\/hotel\/bandiera-arancione\/","title":{"rendered":"BANDIERA ARANCIONE"},"content":{"rendered":"<p>La\u00a0<b>bandiera arancione<\/b>\u00a0\u00e8 un riconoscimento di qualit\u00e0 turistico-ambientale conferito dal\u00a0Touring Club Italiano\u00a0(TCI) ai piccoli comuni dell&#8217;entroterra\u00a0italiano (massimo 15.000 abitanti) che si distinguono per un&#8217;offerta di eccellenza e un&#8217;accoglienza di qualit\u00e0.<sup id=\"cite_ref-:0_1-0\" class=\"reference\"><\/sup><\/p>\n<p>L&#8217;idea \u00e8 nata nel 1998 dietro un&#8217;esigenza di promuovere e valorizzare l&#8217;entroterra. Il TCI, quindi, svilupp\u00f2 un modello di analisi per individuare le prime localit\u00e0 meritevoli.<br \/>\nIn seguito il riconoscimento \u00e8 stato promosso su scala nazionale, individuando piccole localit\u00e0 d&#8217;eccellenza in ogni regione.<\/p>\n<h3>Nelle vicinanze di San Benedetto possiamo trovare:<\/h3>\n<div class=\"su-spacer\" style=\"height:30px\"><\/div>\n<h3>ACQUAVIVA PICENA<\/h3>\n<p><em>\u201cAcquaviva Picena \u00e8 caratterizzata da un\u00a0<strong>centro storico<\/strong>\u00a0tipico, raccolto, ben conservato e ricco di elementi di interesse storico-culturale valorizzati e promossi da un efficiente\u00a0<strong>servizio di informazioni turistiche<\/strong>. Il turista poi si sente a casa, grazie all\u2019\u00a0<strong>ospitalit\u00e0<\/strong>\u00a0e\u00a0<strong>all\u2019atmosfera accogliente<\/strong>\u00a0che operatori e residenti sono in grado di offrire.\u201d<\/em><\/p>\n<h3>RIPATRANSONE\u00a0 <a href=\"https:\/\/hotelarlecchino.it\/hotel\/our-team\/ripatransone-bandiera-arancione\/\">(leggi anche)<\/a><\/h3>\n<p><em>\u201cIl Comune si distingue per la variet\u00e0 di\u00a0<strong>manifestazioni ed eventi<\/strong>\u00a0organizzati nel corso dell\u2019anno e valorizzati e promossi da un\u2019efficiente\u00a0<strong>servizio di informazioni turistiche<\/strong>, caratterizzato da un\u00a0<strong>ufficio informativo<\/strong>\u00a0accogliente, orientato al turista e ricco di materiale informativo. Inoltre la localit\u00e0 si distingue per un\u00a0<strong>centro storico<\/strong>armonico, tipico e di notevole interesse storico-culturale, e per l\u2019ottima qualit\u00e0 delle\u00a0<strong>strutture ricettive e ristorative<\/strong>.\u201d<\/em><\/p>\n<div class=\"su-spacer\" style=\"height:30px\"><\/div><a href=\"https:\/\/hotelarlecchino.it\/hotel\/soggiorno-al-mare-e-business-a-san-benedetto-del-tronto\/\">Chiedi un preventivo ora, senza impegno. Compila il modulo<\/a><\/p>\n<div class=\"su-divider su-divider-style-default\" style=\"margin:15px 0;border-width:3px;border-color:#999999\"><a href=\"#\" style=\"color:#999999\">Go to top<\/a><\/div>\n<div id=\"TA_certificateOfExcellence77\" class=\"TA_certificateOfExcellence\">\n<ul id=\"C0HiAMz\" class=\"TA_links IluFVvOJ9B\">\n<li id=\"6joXdxXl\" class=\"An3trYXus\"><a href=\"https:\/\/www.tripadvisor.it\/Hotel_Review-g194895-d1903300-Reviews-Hotel_Arlecchino-San_Benedetto_Del_Tronto_Province_of_Ascoli_Piceno_Marche.html\" target=\"_blank\" rel=\"noopener noreferrer\"><img decoding=\"async\" id=\"CDSWIDCOELOGO\" class=\"widCOEImg\" src=\"https:\/\/www.tripadvisor.it\/img\/cdsi\/img2\/awards\/CoE2017_WidgetAsset-14348-2.png\" alt=\"TripAdvisor\" \/><\/a><\/li>\n<\/ul>\n<\/div>\n<p><script async src=\"https:\/\/www.jscache.com\/wejs?wtype=certificateOfExcellence&amp;uniq=77&amp;locationId=1903300&amp;lang=it&amp;year=2017&amp;display_version=2\" data-loadtrk onload=\"this.loadtrk=true\"><\/script><\/p>\n","protected":false},"excerpt":{"rendered":"<p>La\u00a0bandiera arancione\u00a0\u00e8 un riconoscimento di qualit\u00e0 turistico-ambientale conferito dal\u00a0Touring Club Italiano\u00a0(TCI) ai piccoli comuni dell&#8217;entroterra\u00a0italiano (massimo 15.000 abitanti) che si distinguono per un&#8217;offerta di eccellenza e un&#8217;accoglienza di qualit\u00e0. L&#8217;idea \u00e8 nata nel 1998 dietro un&#8217;esigenza di promuovere e valorizzare l&#8217;entroterra. Il TCI, quindi, svilupp\u00f2 un modello di analisi per individuare le prime localit\u00e0 meritevoli. In seguito il riconoscimento \u00e8 stato promosso su scala nazionale, individuando piccole localit\u00e0 d&#8217;eccellenza in ogni regione. Nelle vicinanze di San Benedetto possiamo trovare: ACQUAVIVA PICENA \u201cAcquaviva Picena \u00e8 caratterizzata da un\u00a0centro storico\u00a0tipico, raccolto, ben conservato e ricco di elementi di interesse storico-culturale valorizzati e promossi da un efficiente\u00a0servizio di informazioni turistiche. Il turista poi si sente a casa, grazie all\u2019\u00a0ospitalit\u00e0\u00a0e\u00a0all\u2019atmosfera accogliente\u00a0che operatori e residenti&#8230; <\/p>\n","protected":false},"author":1,"featured_media":61,"parent":0,"menu_order":0,"comment_status":"closed","ping_status":"closed","template":"","meta":[],"_links":{"self":[{"href":"https:\/\/hotelarlecchino.it\/hotel\/wp-json\/wp\/v2\/pages\/280"}],"collection":[{"href":"https:\/\/hotelarlecchino.it\/hotel\/wp-json\/wp\/v2\/pages"}],"about":[{"href":"https:\/\/hotelarlecchino.it\/hotel\/wp-json\/wp\/v2\/types\/page"}],"author":[{"embeddable":true,"href":"https:\/\/hotelarlecchino.it\/hotel\/wp-json\/wp\/v2\/users\/1"}],"replies":[{"embeddable":true,"href":"https:\/\/hotelarlecchino.it\/hotel\/wp-json\/wp\/v2\/comments?post=280"}],"version-history":[{"count":5,"href":"https:\/\/hotelarlecchino.it\/hotel\/wp-json\/wp\/v2\/pages\/280\/revisions"}],"predecessor-version":[{"id":299,"href":"https:\/\/hotelarlecchino.it\/hotel\/wp-json\/wp\/v2\/pages\/280\/revisions\/299"}],"wp:featuredmedia":[{"embeddable":true,"href":"https:\/\/hotelarlecchino.it\/hotel\/wp-json\/wp\/v2\/media\/61"}],"wp:attachment":[{"href":"https:\/\/hotelarlecchino.it\/hotel\/wp-json\/wp\/v2\/media?parent=280"}],"curies":[{"name":"wp","href":"https:\/\/api.w.org\/{rel}","templated":true}]}}