{"id":34,"date":"2019-03-04T09:34:56","date_gmt":"2019-03-04T09:34:56","guid":{"rendered":"https:\/\/hotelarlecchino.it\/hotel\/?page_id=34"},"modified":"2025-06-06T09:50:45","modified_gmt":"2025-06-06T09:50:45","slug":"camere-vista-mare-hotel-riviera-delle-palme","status":"publish","type":"page","link":"https:\/\/hotelarlecchino.it\/hotel\/camere-vista-mare-hotel-riviera-delle-palme\/","title":{"rendered":"LE CAMERE"},"content":{"rendered":"<p><strong>L\u2019Hotel Arlecchino 3 stelle Superior,\u00a0<\/strong>pu\u00f2 vantare una posizione strategica, sul lungomare di San Benedetto del Tronto, in <strong>prima fila mare<\/strong>, a due passi dal centro e non distante dalla stazione ferroviaria.<\/p>\n<p>L&#8217;attenzione al dettaglio e la cura del cliente \u00e8 dimostrata anche dalla <strong>totale<\/strong> <strong>accessibilit\u00e0 alle persone con disabilit\u00e0<\/strong>, non sono presenti ostacoli o barriere.<\/p>\n<p>La<strong> reception aperta H24<\/strong> \u00e8 un valore aggiunto che rende il soggiorno ancor pi\u00f9 piacevole e sicuro.<\/p>\n<p><strong>Tutte le nostre camere sono dotate di: <\/strong><\/p>\n<ul>\n<li>Bagno privato<\/li>\n<li>Aria condizionata e riscaldamento autonomo<\/li>\n<li>Connessione Wi-Fi gratuita<\/li>\n<li><strong>Servizio SKY incluso<\/strong> (eccezion fatta per le tipologie standard)<\/li>\n<li>TV LCD satellitare(32\u2033 \u2013 40\u2033)<\/li>\n<li>Mini-bar<\/li>\n<li>Linea di cortesia<\/li>\n<\/ul>\n<p>Le tipologie a disposizione sono le seguenti:<\/p>\n<ul>\n<li>Standard<\/li>\n<li>Superior<\/li>\n<li>Superior Plus<\/li>\n<li>Deluxe<\/li>\n<li>Small Suite<\/li>\n<li>Junior Suite<\/li>\n<\/ul>\n<p>&nbsp;<\/p>\n","protected":false},"excerpt":{"rendered":"<p>L\u2019Hotel Arlecchino 3 stelle Superior,\u00a0pu\u00f2 vantare una posizione strategica, sul lungomare di San Benedetto del Tronto, in prima fila mare, a due passi dal centro e non distante dalla stazione ferroviaria. L&#8217;attenzione al dettaglio e la cura del cliente \u00e8 dimostrata anche dalla totale accessibilit\u00e0 alle persone con disabilit\u00e0, non sono presenti ostacoli o barriere. La reception aperta H24 \u00e8 un valore aggiunto che rende il soggiorno ancor pi\u00f9 piacevole e sicuro. Tutte le nostre camere sono dotate di: Bagno privato Aria condizionata e riscaldamento autonomo Connessione Wi-Fi gratuita Servizio SKY incluso (eccezion fatta per le tipologie standard) TV LCD satellitare(32\u2033 \u2013 40\u2033) Mini-bar Linea di cortesia Le tipologie a disposizione sono le seguenti: Standard Superior Superior Plus Deluxe Small&#8230; <\/p>\n","protected":false},"author":1,"featured_media":28,"parent":0,"menu_order":0,"comment_status":"closed","ping_status":"closed","template":"","meta":[],"_links":{"self":[{"href":"https:\/\/hotelarlecchino.it\/hotel\/wp-json\/wp\/v2\/pages\/34"}],"collection":[{"href":"https:\/\/hotelarlecchino.it\/hotel\/wp-json\/wp\/v2\/pages"}],"about":[{"href":"https:\/\/hotelarlecchino.it\/hotel\/wp-json\/wp\/v2\/types\/page"}],"author":[{"embeddable":true,"href":"https:\/\/hotelarlecchino.it\/hotel\/wp-json\/wp\/v2\/users\/1"}],"replies":[{"embeddable":true,"href":"https:\/\/hotelarlecchino.it\/hotel\/wp-json\/wp\/v2\/comments?post=34"}],"version-history":[{"count":5,"href":"https:\/\/hotelarlecchino.it\/hotel\/wp-json\/wp\/v2\/pages\/34\/revisions"}],"predecessor-version":[{"id":536,"href":"https:\/\/hotelarlecchino.it\/hotel\/wp-json\/wp\/v2\/pages\/34\/revisions\/536"}],"wp:featuredmedia":[{"embeddable":true,"href":"https:\/\/hotelarlecchino.it\/hotel\/wp-json\/wp\/v2\/media\/28"}],"wp:attachment":[{"href":"https:\/\/hotelarlecchino.it\/hotel\/wp-json\/wp\/v2\/media?parent=34"}],"curies":[{"name":"wp","href":"https:\/\/api.w.org\/{rel}","templated":true}]}}