{"id":38,"date":"2019-03-04T09:38:40","date_gmt":"2019-03-04T09:38:40","guid":{"rendered":"https:\/\/hotelarlecchino.it\/hotel\/?page_id=38"},"modified":"2019-03-13T10:09:34","modified_gmt":"2019-03-13T10:09:34","slug":"territorio-il-piceno-ascoli","status":"publish","type":"page","link":"https:\/\/hotelarlecchino.it\/hotel\/territorio-il-piceno-ascoli\/","title":{"rendered":"TERRITORIO PICENO"},"content":{"rendered":"<p>IL TERRITORIO PICENO.\u00a0 RIVIERA DELLE PALME<\/p>\n<p>San Benedetto del Tronto respira il mare ed il verde, il suo territorio prende il nome di \u201cRiviera delle Palme\u201d.<br \/>\nLunghe spiagge di sabbia finissima e con bassi fondali rendono la citt\u00e0 costiera, meta ideale per famiglie con bambini, rendendo le loro vacanze piacevoli e rilassanti.<br \/>\nLa \u201cRiviera delle Palme\u201d comprende anche <a href=\"https:\/\/hotelarlecchino.it\/hotel\/our-team\/grottammare-i-borghi-piu-belli-ditalia\/\"><strong>Grottammare<\/strong><\/a> e Cupra Marittima.<br \/>\nIn bici \u00e8 suggestivo percorrere il lungomare al tramonto e successivamente visitare il centro della citt\u00e0 con il corso principale, \u201cViale Secondo Moretti\u201d, luogo d\u2019incontro pi\u00f9 esclusivo e mondano.<br \/>\nQui \u00e8 possibile tuffarsi in un percorso d\u2019arte, con opere di Nespolo, Baj, Lodola, Salvo, Kostabi, Consorti dislocate lungo il percorso.<br \/>\nNel centro della citt\u00e0 si trovano anche numerosi i negozi di marca dove poter fare shopping, calzature o abbigliamento.<br \/>\nSplendido \u00e8 anche il tipico mercatino per gli acquisti di Souvenir e prodotti tipici con le sue bancarelle colorate.<\/p>\n<p>Chi poi \u00e8 appassionato di storia, folclore, natura e archeologia, da San Benedetto del Tronto pu\u00f2 andare alla scoperta di tanti piccoli centri limitrofi e non solo.<\/p>\n<p>Procedendo verso l\u2019entroterra, dopo circa un quarto d\u2019ora d\u2019auto, si incontra il borgo medievale di\u00a0<strong>Acquaviva Picena<\/strong>, capolavoro dell\u2019architettura militare rinascimentale.<br \/>\nE\u2019 un \u00a0luogo ricco di cultura e tradizioni, in particolare si segnala la produzione artistica \u00a0delle \u201c<strong><em>pajarole<\/em><\/strong>\u201d, ossia cesti realizzati con paglia di frumento, vimini e vari tipi di canne palustri.<br \/>\nA breve distanza da non perdere\u00a0<a href=\"https:\/\/hotelarlecchino.it\/hotel\/our-team\/offida-i-borghi-piu-belli-ditalia\/\"><strong>Offida<\/strong><\/a>, antico borgo racchiuso dalle mure castellane del XV sec, inserito tra i Borghi pi\u00f9 belli d\u2019Italia. Posto su uno sperone roccioso, \u00e8 noto per la laboriosa e paziente arte del\u00a0<em><strong>merletto al tombolo<\/strong><\/em>, tradizione antica tuttora molto diffusa, a cui \u00e8 dedicato un museo. L\u2019evento pi\u00f9 importante da segnalare \u00e8 il Carnevale, di origini antichissime, caratterizzato da manifestazioni molto originali che traggono origine probabilmente dai Saturnali romani.<\/p>\n<p>A pochi Km si trova uno dei 5 capoluoghi di provincia delle Marche, la citt\u00e0 di\u00a0<a href=\"https:\/\/hotelarlecchino.it\/hotel\/our-team\/ascoli-piceno\/\"><strong>Ascoli Piceno<\/strong><\/a>. Il centro storico \u00e8 costruito quasi interamente in travertino ed \u00e8 tra i pi\u00f9 ammirati della regione e del centro Italia, in virt\u00f9 della sua ricchezza artistica e architettonica. Conserva diverse torri gentilizie e campanarie e per questo \u00e8 chiamata la Citt\u00e0 delle cento torri.<\/p>\n<p>Nelle vicinanze, proseguendo verso il Parco Nazionale del Gran Sasso e Monti della Laga si trova il centro termale di\u00a0<strong>Acquasanta Terme<\/strong>, di origine romana ed oggi rinomato complesso \u00a0attrezzato per cure termali, fisioterapiche e riabilitative in acqua sulfurea, da maggio fino ad ottobre.<\/p>\n<p>Nell&#8217;entroterra si trovano splendidi borghi tra cui Offida, Monteprandone, Acquaviva Picena e Ripatransone.<\/p>\n<p>&nbsp;<\/p>\n<p>&nbsp;<\/p>\n","protected":false},"excerpt":{"rendered":"<p>IL TERRITORIO PICENO.\u00a0 RIVIERA DELLE PALME San Benedetto del Tronto respira il mare ed il verde, il suo territorio prende il nome di \u201cRiviera delle Palme\u201d. Lunghe spiagge di sabbia finissima e con bassi fondali rendono la citt\u00e0 costiera, meta ideale per famiglie con bambini, rendendo le loro vacanze piacevoli e rilassanti. La \u201cRiviera delle Palme\u201d comprende anche Grottammare e Cupra Marittima. In bici \u00e8 suggestivo percorrere il lungomare al tramonto e successivamente visitare il centro della citt\u00e0 con il corso principale, \u201cViale Secondo Moretti\u201d, luogo d\u2019incontro pi\u00f9 esclusivo e mondano. Qui \u00e8 possibile tuffarsi in un percorso d\u2019arte, con opere di Nespolo, Baj, Lodola, Salvo, Kostabi, Consorti dislocate lungo il percorso. Nel centro della citt\u00e0 si trovano anche numerosi&#8230; <\/p>\n","protected":false},"author":1,"featured_media":246,"parent":0,"menu_order":0,"comment_status":"closed","ping_status":"closed","template":"","meta":[],"_links":{"self":[{"href":"https:\/\/hotelarlecchino.it\/hotel\/wp-json\/wp\/v2\/pages\/38"}],"collection":[{"href":"https:\/\/hotelarlecchino.it\/hotel\/wp-json\/wp\/v2\/pages"}],"about":[{"href":"https:\/\/hotelarlecchino.it\/hotel\/wp-json\/wp\/v2\/types\/page"}],"author":[{"embeddable":true,"href":"https:\/\/hotelarlecchino.it\/hotel\/wp-json\/wp\/v2\/users\/1"}],"replies":[{"embeddable":true,"href":"https:\/\/hotelarlecchino.it\/hotel\/wp-json\/wp\/v2\/comments?post=38"}],"version-history":[{"count":6,"href":"https:\/\/hotelarlecchino.it\/hotel\/wp-json\/wp\/v2\/pages\/38\/revisions"}],"predecessor-version":[{"id":259,"href":"https:\/\/hotelarlecchino.it\/hotel\/wp-json\/wp\/v2\/pages\/38\/revisions\/259"}],"wp:featuredmedia":[{"embeddable":true,"href":"https:\/\/hotelarlecchino.it\/hotel\/wp-json\/wp\/v2\/media\/246"}],"wp:attachment":[{"href":"https:\/\/hotelarlecchino.it\/hotel\/wp-json\/wp\/v2\/media?parent=38"}],"curies":[{"name":"wp","href":"https:\/\/api.w.org\/{rel}","templated":true}]}}